{"id":690,"date":"2018-06-12T16:41:03","date_gmt":"2018-06-12T16:41:03","guid":{"rendered":"https:\/\/www.vtigerspain.es\/?page_id=690"},"modified":"2019-09-16T18:59:04","modified_gmt":"2019-09-16T18:59:04","slug":"demo-vtiger-espanol","status":"publish","type":"page","link":"https:\/\/www.vtigerspain.es\/en\/demo-vtiger-espanol\/","title":{"rendered":"Demo vTiger CRM Espa\u00f1ol"},"content":{"rendered":"<p>[vc_row][vc_column][vc_column_text]<span style=\"font-size: 17px;\"><span class=\"il\" style=\"color: #222222; background: #ffffcc none repeat scroll 0% 0%;\">Solicitanos una demostraci\u00f3n guiada <\/span><span style=\"color: #222222; background-color: #ffffff;\">GRATUITA del <\/span><span style=\"color: #222222; background-color: #ffffff;\">Software Libre<strong> v<\/strong><\/span><strong><span class=\"il\" style=\"color: #222222; background: #ffffcc none repeat scroll 0% 0%;\">Tiger CRM Open Source<\/span><\/strong><span style=\"color: #222222; background-color: #ffffff;\"> para la Gesti\u00f3n Comercial y Soporte T\u00e9cnico Posventa en las distintas versiones para distintos sectores que tenemos preparadas.<br \/>\n<\/span><\/span><\/p>\n<div style=\"color: #222222; font-size: 13px; background-color: #ffffff;\"><\/div>\n<div style=\"color: #222222; font-size: 13px; background-color: #ffffff;\">\n<p class=\"MsoNormal\" style=\"margin: 0px; background-image: initial; background-attachment: initial; background-size: initial; background-origin: initial; background-clip: initial; background-position: initial; background-repeat: initial;\"><span style=\"font-size: 17px; color: #000000;\"><strong>\u00bfQUE EXPLICAMOS DURANTE LA DEMOSTRACI\u00d3N?<\/strong><\/span><\/p>\n<\/div>\n<div style=\"color: #222222; font-size: 13px; background-color: #ffffff;\">\n<ul type=\"disc\">\n<li style=\"padding-bottom: 2px; padding-top: 2px;\"><span style=\"font-size: 17px;\">\u00bfQue es<strong> vTiger CRM Open Source<\/strong>? \u00bfComo puedo mejorar mi gesti\u00f3n a trav\u00e9s de la implantaci\u00f3n de <strong>vTiger CRM Open Source adaptado a mi tipo de empresa<\/strong>?<\/span><\/li>\n<li style=\"padding-bottom: 2px; padding-top: 2px;\"><span style=\"font-size: 17px;\">Cual es la soluci\u00f3n vertical de <strong>vTiger CRM Open Source<\/strong> que se parece m\u00e1s a mi tipo de empresa<\/span><\/li>\n<li style=\"padding-bottom: 2px; padding-top: 2px;\"><span style=\"font-size: 17px;\">Ejemplos de como hacer la gesti\u00f3n de calendarios, precontactos, contactos, oportunidades, presupuestos, tickets o incidencias, pedidos, facturas, ordenes de compra en <strong>vTiger CRM <\/strong><\/span><\/li>\n<li style=\"padding-bottom: 2px; padding-top: 2px;\"><span style=\"font-size: 17px;\">\u00bfComo consigo tener una empresa m\u00e1s eficiente y eficaz tras tener implantado <strong>vTiger CRM Open Source<\/strong> en mi negocio?<\/span><\/li>\n<\/ul>\n<\/div>\n<div style=\"color: #222222; font-size: 13px; background-color: #ffffff;\">\n<p class=\"MsoNormal\" style=\"margin: 0px; background-image: initial; background-attachment: initial; background-size: initial; background-origin: initial; background-clip: initial; background-position: initial; background-repeat: initial;\"><span style=\"font-size: 17px; color: #000000;\"><strong>\u00bfA QUIENES VAN DIRIGIDAS ESTAS DEMOSTRACIONES?<\/strong><\/span><\/p>\n<\/div>\n<div style=\"color: #222222; font-size: 13px; background-color: #ffffff;\"><\/div>\n<div style=\"color: #222222; font-size: 13px; background-color: #ffffff;\">\n<p class=\"MsoNormal\" style=\"margin: 0px; background-image: initial; background-attachment: initial; background-size: initial; background-origin: initial; background-clip: initial; background-position: initial; background-repeat: initial;\"><span style=\"font-size: 17px;\"><strong>Aquellos directivos que est\u00e9n interesados en descubrir de primera mano c\u00f3mo un CRM innovador puede a\u00f1adir gran valor a las peque\u00f1as y medianas empresas consiguiendo que sus empleados sean m\u00e1s eficaces en el desempe\u00f1o de su gesti\u00f3n. <\/strong><\/span><\/p>\n<\/div>\n<div style=\"color: #222222; font-size: 13px; background-color: #ffffff;\"><\/div>\n<div style=\"color: #222222; font-size: 13px; background-color: #ffffff;\">\n<p class=\"MsoNormal\" style=\"margin: 0px; background-image: initial; background-attachment: initial; background-size: initial; background-origin: initial; background-clip: initial; background-position: initial; background-repeat: initial;\"><span style=\"font-size: 17px;\">Si usted es una PYME buscando una herramienta para mejorar su gesti\u00f3n entonces esta demostraci\u00f3n puede aclararle como<strong> vTiger CRM Open Source<\/strong> es la soluci\u00f3n que esta buscando. <\/span><\/p>\n<p class=\"MsoNormal\" style=\"margin: 0px; background-image: initial; background-attachment: initial; background-size: initial; background-origin: initial; background-clip: initial; background-position: initial; background-repeat: initial;\"><span style=\"font-size: 17px;\">Tras la demostraci\u00f3n pondremos a su disposici\u00f3n una demostraci\u00f3n durante 15 d\u00edas del software libre de<strong> vTiger CRM Open Source<\/strong> vertical que mejor aplica a su empresa para su evaluaci\u00f3n m\u00e1s profunda y consulta sobre las cuestiones que se le planteen acerca de su implantaci\u00f3n.<\/span><\/p>\n<p><center><img fetchpriority=\"high\" decoding=\"async\" class=\"alignnone wp-image-638 size-full\" src=\"https:\/\/www.vtigerspain.es\/wp-content\/uploads\/2018\/06\/vtiger43.jpg\" alt=\"\" width=\"731\" height=\"565\" \/><\/center><\/div>\n<form action=\"https:\/\/calendly.com\/vtigerspain\" target=\"_blank\"><input style=\"padding: 20px; font-size: 20px;\" type=\"submit\" value=\"Pedir una demostraci\u00f3n\" \/><\/form>\n<p>[\/vc_column_text][\/vc_column][\/vc_row][vc_row][vc_column width=\u00bb1\/2&#8243;]\n<div class=\"wpcf7 no-js\" id=\"wpcf7-f74-o1\" lang=\"en-US\" dir=\"ltr\" data-wpcf7-id=\"74\">\n<div class=\"screen-reader-response\"><p role=\"status\" aria-live=\"polite\" aria-atomic=\"true\"><\/p> <ul><\/ul><\/div>\n<form action=\"\/en\/wp-json\/wp\/v2\/pages\/690#wpcf7-f74-o1\" method=\"post\" class=\"wpcf7-form init\" aria-label=\"Contact form\" novalidate=\"novalidate\" data-status=\"init\">\n<fieldset class=\"hidden-fields-container\"><input type=\"hidden\" name=\"_wpcf7\" value=\"74\" \/><input type=\"hidden\" name=\"_wpcf7_version\" value=\"6.1.5\" \/><input type=\"hidden\" name=\"_wpcf7_locale\" value=\"en_US\" \/><input type=\"hidden\" name=\"_wpcf7_unit_tag\" value=\"wpcf7-f74-o1\" \/><input type=\"hidden\" name=\"_wpcf7_container_post\" value=\"0\" \/><input type=\"hidden\" name=\"_wpcf7_posted_data_hash\" value=\"\" \/><input type=\"hidden\" name=\"_wpcf7_recaptcha_response\" value=\"\" \/>\n<\/fieldset>\n<h2 class=\"short\"><strong>Contacto<\/strong>\n<\/h2>\n<div class=\"row\">\n\t<div class=\"col-md-6\">\n\t\t<div class=\"form-group\">\n\t\t\t<p><label for=\"contact-name\">Nombre *<\/label><br \/>\n<span class=\"wpcf7-form-control-wrap\" data-name=\"your-name\"><input size=\"40\" maxlength=\"400\" class=\"wpcf7-form-control wpcf7-text wpcf7-validates-as-required form-control\" id=\"contact-name\" aria-required=\"true\" aria-invalid=\"false\" value=\"\" type=\"text\" name=\"your-name\" \/><\/span>\n\t\t\t<\/p>\n\t\t<\/div>\n\t<\/div>\n\t<div class=\"col-md-6\">\n\t\t<div class=\"form-group\">\n\t\t\t<p><label for=\"contact-email\">Email *<\/label><br \/>\n<span class=\"wpcf7-form-control-wrap\" data-name=\"your-email\"><input size=\"40\" maxlength=\"400\" class=\"wpcf7-form-control wpcf7-email wpcf7-validates-as-required wpcf7-text wpcf7-validates-as-email form-control\" id=\"contact-email\" aria-required=\"true\" aria-invalid=\"false\" value=\"\" type=\"email\" name=\"your-email\" \/><\/span>\n\t\t\t<\/p>\n\t\t<\/div>\n\t<\/div>\n\t<div class=\"col-md-12\">\n\t\t<div class=\"form-group\">\n\t\t\t<p><label for=\"contact-subject\">Tel\u00e9fono *<\/label><br \/>\n<span class=\"wpcf7-form-control-wrap\" data-name=\"your-phone\"><input size=\"40\" maxlength=\"400\" class=\"wpcf7-form-control wpcf7-tel wpcf7-validates-as-required wpcf7-text wpcf7-validates-as-tel telefono\" id=\"telefono\" aria-required=\"true\" aria-invalid=\"false\" value=\"\" type=\"tel\" name=\"your-phone\" \/><\/span>\n\t\t\t<\/p>\n\t\t<\/div>\n\t<\/div>\n\t<div class=\"col-md-12\">\n\t\t<div class=\"form-group\">\n\t\t\t<p><label for=\"contact-message\">Mensaje *<\/label><br \/>\n<span class=\"wpcf7-form-control-wrap\" data-name=\"your-message\"><textarea cols=\"40\" rows=\"10\" maxlength=\"2000\" class=\"wpcf7-form-control wpcf7-textarea wpcf7-validates-as-required form-control\" id=\"contact-message\" aria-required=\"true\" aria-invalid=\"false\" name=\"your-message\"><\/textarea><\/span>\n\t\t\t<\/p>\n\t\t<\/div>\n\t<\/div>\n<!-- div class=\"col-md-12\">\n        <label for=\"contact-captcha\"><\/label>\n    <\/div -->\n\n<!--   -->\n \n <!-- div class=\"col-md-4\">\n        <div class=\"form-group\">\n              \n        <\/div>\n    <\/div -->\n\t<div class=\"col-md-12\">\n\t\t<div class=\"form-group\">\n\t\t\t<p><input class=\"wpcf7-form-control wpcf7-submit has-spinner btn btn-primary btn-lg\" type=\"submit\" value=\"Enviar mensaje\" \/>\n\t\t\t<\/p>\n\t\t<\/div>\n\t<\/div>\n<\/div><p style=\"display: none !important;\" class=\"akismet-fields-container\" data-prefix=\"_wpcf7_ak_\"><label>&#916;<textarea name=\"_wpcf7_ak_hp_textarea\" cols=\"45\" rows=\"8\" maxlength=\"100\"><\/textarea><\/label><input type=\"hidden\" id=\"ak_js_1\" name=\"_wpcf7_ak_js\" value=\"92\"\/><script>document.getElementById( \"ak_js_1\" ).setAttribute( \"value\", ( new Date() ).getTime() );<\/script><\/p><div class=\"wpcf7-response-output\" aria-hidden=\"true\"><\/div>\n<\/form>\n<\/div>\n[\/vc_column][vc_column width=\u00bb1\/2&#8243;][\/vc_column][\/vc_row]<\/p>\n","protected":false},"excerpt":{"rendered":"<p>[vc_row][vc_column][vc_column_text]Solicitanos una demostraci\u00f3n guiada GRATUITA del Software Libre vTiger CRM Open Source para la Gesti\u00f3n Comercial y Soporte T\u00e9cnico Posventa en las distintas versiones para distintos sectores que tenemos preparadas.<\/p>\n","protected":false},"author":1,"featured_media":0,"parent":0,"menu_order":0,"comment_status":"closed","ping_status":"closed","template":"","meta":{"site-sidebar-layout":"default","site-content-layout":"","ast-site-content-layout":"default","site-content-style":"default","site-sidebar-style":"default","ast-global-header-display":"","ast-banner-title-visibility":"","ast-main-header-display":"","ast-hfb-above-header-display":"","ast-hfb-below-header-display":"","ast-hfb-mobile-header-display":"","site-post-title":"","ast-breadcrumbs-content":"","ast-featured-img":"","footer-sml-layout":"","ast-disable-related-posts":"","theme-transparent-header-meta":"","adv-header-id-meta":"","stick-header-meta":"","header-above-stick-meta":"","header-main-stick-meta":"","header-below-stick-meta":"","astra-migrate-meta-layouts":"default","ast-page-background-enabled":"default","ast-page-background-meta":{"desktop":{"background-color":"var(--ast-global-color-4)","background-image":"","background-repeat":"repeat","background-position":"center center","background-size":"auto","background-attachment":"scroll","background-type":"","background-media":"","overlay-type":"","overlay-color":"","overlay-opacity":"","overlay-gradient":""},"tablet":{"background-color":"","background-image":"","background-repeat":"repeat","background-position":"center center","background-size":"auto","background-attachment":"scroll","background-type":"","background-media":"","overlay-type":"","overlay-color":"","overlay-opacity":"","overlay-gradient":""},"mobile":{"background-color":"","background-image":"","background-repeat":"repeat","background-position":"center center","background-size":"auto","background-attachment":"scroll","background-type":"","background-media":"","overlay-type":"","overlay-color":"","overlay-opacity":"","overlay-gradient":""}},"ast-content-background-meta":{"desktop":{"background-color":"var(--ast-global-color-5)","background-image":"","background-repeat":"repeat","background-position":"center center","background-size":"auto","background-attachment":"scroll","background-type":"","background-media":"","overlay-type":"","overlay-color":"","overlay-opacity":"","overlay-gradient":""},"tablet":{"background-color":"var(--ast-global-color-5)","background-image":"","background-repeat":"repeat","background-position":"center center","background-size":"auto","background-attachment":"scroll","background-type":"","background-media":"","overlay-type":"","overlay-color":"","overlay-opacity":"","overlay-gradient":""},"mobile":{"background-color":"var(--ast-global-color-5)","background-image":"","background-repeat":"repeat","background-position":"center center","background-size":"auto","background-attachment":"scroll","background-type":"","background-media":"","overlay-type":"","overlay-color":"","overlay-opacity":"","overlay-gradient":""}},"footnotes":""},"class_list":["post-690","page","type-page","status-publish","hentry"],"_links":{"self":[{"href":"https:\/\/www.vtigerspain.es\/en\/wp-json\/wp\/v2\/pages\/690","targetHints":{"allow":["GET"]}}],"collection":[{"href":"https:\/\/www.vtigerspain.es\/en\/wp-json\/wp\/v2\/pages"}],"about":[{"href":"https:\/\/www.vtigerspain.es\/en\/wp-json\/wp\/v2\/types\/page"}],"author":[{"embeddable":true,"href":"https:\/\/www.vtigerspain.es\/en\/wp-json\/wp\/v2\/users\/1"}],"replies":[{"embeddable":true,"href":"https:\/\/www.vtigerspain.es\/en\/wp-json\/wp\/v2\/comments?post=690"}],"version-history":[{"count":7,"href":"https:\/\/www.vtigerspain.es\/en\/wp-json\/wp\/v2\/pages\/690\/revisions"}],"predecessor-version":[{"id":1531,"href":"https:\/\/www.vtigerspain.es\/en\/wp-json\/wp\/v2\/pages\/690\/revisions\/1531"}],"wp:attachment":[{"href":"https:\/\/www.vtigerspain.es\/en\/wp-json\/wp\/v2\/media?parent=690"}],"curies":[{"name":"wp","href":"https:\/\/api.w.org\/{rel}","templated":true}]}}